{"id":30,"date":"2021-01-02T15:19:50","date_gmt":"2021-01-02T14:19:50","guid":{"rendered":"http:\/\/paul.test\/?page_id=30"},"modified":"2024-07-29T11:44:05","modified_gmt":"2024-07-29T09:44:05","slug":"writing-coach","status":"publish","type":"page","link":"https:\/\/paul-hockenos.com\/de\/writing-coach\/","title":{"rendered":"Englisches Schreibcoaching"},"content":{"rendered":"\n<p class=\"featured-text\">Verbessern Sie Ihre Ausdrucksf\u00e4higkeit auf Englisch in nur einem Tag: In meinen Schreibkursen f\u00fcr Fortgeschrittene lernen Sie, ausdrucksstarke und pr\u00e4zise englische Texte zu verfassen. W\u00e4hlen Sie zwischen individuellem Unterricht und einem Gruppenseminar:<\/p>\n\n<div class=\"wp-block-group courses-detail\"><div class=\"wp-block-group__inner-container is-layout-flow wp-block-group-is-layout-flow\">\n<h2 class=\"wp-block-heading\">Details<\/h2>\n\n\n\n<p>Meine Seminare bauen auf der Global-English-Methode nach John Kohl auf. Die Teilnehmer lernen, knackige und ausdrucksstarke Texte auf Englisch zu verfassen. Ziel ist es, gute Ideen und starke Produkte durch gutes Englisch verst\u00e4ndlicher, attraktiver und damit besser zu vermitteln. Pr\u00e4zis und direkt auf den Punkt statt wortreich, umst\u00e4ndlich und schwammig.&#13;\n&#13;\nErfahren Sie hier, was Teilnehmer sagen, die meine Kurse bereits besucht haben.&#13;\nViele der F\u00e4higkeiten, die ich in meinen Seminaren vermittle, werden auch in den Creative-Writing-Kursen an amerikanischen Colleges gelehrt. Hier erlernen Sie sie in einem nach Stufen geordneten, auf Ihr Berufsfeld zugeschnittenen Training in zusammengefasster Form. &#13;\n&#13;\nIch kann europaweit in jede Firma kommen.&#13;\n<\/p>\n\n\n\n<p>Read below to learn what participants from companies and foundations say.<\/p>\n\n\n\n<p>Mein Ziel ist es, guten Ideen und starken Produkte durch gutes Englisch zu einem besserem Ausdruck zu verhelfen, der nicht ungenau, wortreich und von umst\u00e4ndlicher Grammatik gepr\u00e4gt ist.<\/p>\n\n\n\n<p>Viele der F\u00e4higkeiten, die ich in meinen Seminaren vermittle, werden auch in den Creative-Writing-Kursen an amerikanischen Colleges gelehrt. Hier erlernen Sie sie in einem nach Stufen geordneten, auf Ihr Berufsfeld zugeschnittenen Training in zusammengefasster Form. <\/p>\n\n\n\n<h3 class=\"wp-block-heading\">Sie erhalten:<\/h3>\n\n\n\n<ul class=\"wp-block-list\">\n<li>Hoch interaktive Unterrichtseinheiten<\/li>\n\n\n\n<li> Eins-zu-eins-Coaching<\/li>\n\n\n\n<li>Anweisung, die Materialien verwendet, die von Ihrer Firma geschrieben wurden<\/li>\n\n\n\n<li>Eine Expertenbewertung Ihrer englischen Produkte<\/li>\n\n\n\n<li>Techniken f\u00fcr bessere Argumente<\/li>\n\n\n\n<li>Die Prinzipien des globalen Englisch<\/li>\n\n\n\n<li>Tipps, um klarer und schneller zu schreiben<\/li>\n<\/ul>\n\n\n\n<h3 class=\"wp-block-heading\">Jeder Kurs umfasst Einheiten zu folgenden Themen:<\/h3>\n\n\n\n<ul class=\"wp-block-list\">\n<li>Komposition<\/li>\n\n\n\n<li>Organizsation und Struktur<\/li>\n\n\n\n<li>Wortwahl und Formulierung<\/li>\n\n\n\n<li>Tonfall<\/li>\n\n\n\n<li>Pr\u00e4positionen<\/li>\n\n\n\n<li> Fortgeschrittene Grammatik und Zeichensetzung<\/li>\n\n\n\n<li>Schreiben und Ver\u00f6ffentlichungstipps<\/li>\n\n\n\n<li>E-Mails und Managementzusammenfassungen<\/li>\n<\/ul>\n<\/div><\/div>\n\n<div class=\"wp-block-group courses-asterix\"><div class=\"wp-block-group__inner-container is-layout-flow wp-block-group-is-layout-flow\">\n<p>Tageskurse zu Textbearbeitung, Einf\u00fchrung in journalistisches Arbeiten und Umweltjournalismus sind ebenfalls m\u00f6glich.<\/p>\n\n\n\n<p>*die Preise sind ohne Mehrwertsteuer<\/p>\n<\/div><\/div>\n","protected":false},"excerpt":{"rendered":"<p>Verbessern Sie Ihre Ausdrucksf\u00e4higkeit auf Englisch in nur einem Tag: In meinen Schreibkursen f\u00fcr Fortgeschrittene lernen Sie, ausdrucksstarke und pr\u00e4zise englische Texte zu verfassen. W\u00e4hlen Sie zwischen individuellem Unterricht und einem Gruppenseminar: Details Meine Seminare bauen auf der Global-English-Methode nach John Kohl auf. Die Teilnehmer lernen, knackige und ausdrucksstarke Texte auf Englisch zu verfassen. Ziel ist es, gute Ideen und&#8230;<br \/><a class=\"read-more\" href=\"https:\/\/paul-hockenos.com\/de\/writing-coach\/\" aria-hidden=\"true\" tabindex=-1><span class=\"sr-only\">Get the book description. <\/span>Read More<\/a> <\/p>\n","protected":false},"author":1,"featured_media":1070,"parent":0,"menu_order":0,"comment_status":"closed","ping_status":"closed","template":"","meta":{"_acf_changed":false,"footnotes":""},"categories":[31],"tags":[],"class_list":["post-30","page","type-page","status-publish","has-post-thumbnail","hentry","category-writing-courses-de"],"acf":[],"_links":{"self":[{"href":"https:\/\/paul-hockenos.com\/de\/wp-json\/wp\/v2\/pages\/30","targetHints":{"allow":["GET"]}}],"collection":[{"href":"https:\/\/paul-hockenos.com\/de\/wp-json\/wp\/v2\/pages"}],"about":[{"href":"https:\/\/paul-hockenos.com\/de\/wp-json\/wp\/v2\/types\/page"}],"author":[{"embeddable":true,"href":"https:\/\/paul-hockenos.com\/de\/wp-json\/wp\/v2\/users\/1"}],"replies":[{"embeddable":true,"href":"https:\/\/paul-hockenos.com\/de\/wp-json\/wp\/v2\/comments?post=30"}],"version-history":[{"count":52,"href":"https:\/\/paul-hockenos.com\/de\/wp-json\/wp\/v2\/pages\/30\/revisions"}],"predecessor-version":[{"id":1094,"href":"https:\/\/paul-hockenos.com\/de\/wp-json\/wp\/v2\/pages\/30\/revisions\/1094"}],"wp:featuredmedia":[{"embeddable":true,"href":"https:\/\/paul-hockenos.com\/de\/wp-json\/wp\/v2\/media\/1070"}],"wp:attachment":[{"href":"https:\/\/paul-hockenos.com\/de\/wp-json\/wp\/v2\/media?parent=30"}],"wp:term":[{"taxonomy":"category","embeddable":true,"href":"https:\/\/paul-hockenos.com\/de\/wp-json\/wp\/v2\/categories?post=30"},{"taxonomy":"post_tag","embeddable":true,"href":"https:\/\/paul-hockenos.com\/de\/wp-json\/wp\/v2\/tags?post=30"}],"curies":[{"name":"wp","href":"https:\/\/api.w.org\/{rel}","templated":true}]}}